{"id":97,"date":"2022-02-05T07:27:26","date_gmt":"2022-02-05T07:27:26","guid":{"rendered":"https:\/\/staging.sarawgeek.com\/cityhome-wordpress\/?page_id=97"},"modified":"2024-01-28T21:32:26","modified_gmt":"2024-01-28T21:32:26","slug":"services","status":"publish","type":"page","link":"https:\/\/inmobiliariainhousem2.com\/index.php\/services\/","title":{"rendered":"Servicios"},"content":{"rendered":"\t\t<div data-elementor-type=\"wp-page\" data-elementor-id=\"97\" class=\"elementor elementor-97\" data-elementor-post-type=\"page\">\n\t\t\t\t\t\t<section class=\"has_eae_slider elementor-section elementor-top-section elementor-element elementor-element-20922b0 elementor-section-boxed elementor-section-height-default elementor-section-height-default\" data-eae-slider=\"30291\" data-id=\"20922b0\" data-element_type=\"section\" data-e-type=\"section\" data-settings=\"{&quot;background_background&quot;:&quot;classic&quot;}\">\n\t\t\t\t\t\t\t<div class=\"elementor-background-overlay\"><\/div>\n\t\t\t\t\t\t\t<div class=\"elementor-container elementor-column-gap-default\">\n\t\t\t\t\t<div class=\"has_eae_slider elementor-column elementor-col-100 elementor-top-column elementor-element elementor-element-bcba2f5 min-w\" data-eae-slider=\"61857\" data-id=\"bcba2f5\" data-element_type=\"column\" data-e-type=\"column\">\n\t\t\t<div class=\"elementor-widget-wrap elementor-element-populated\">\n\t\t\t\t\t\t<div class=\"elementor-element elementor-element-bf8f3a4 elementor-widget elementor-widget-page-title\" data-id=\"bf8f3a4\" data-element_type=\"widget\" data-e-type=\"widget\" data-settings=\"{&quot;align&quot;:&quot;center&quot;}\" data-widget_type=\"page-title.default\">\n\t\t\t\t<div class=\"elementor-widget-container\">\n\t\t\t\t\t\t\t\n\t\t<div class=\"hfe-page-title hfe-page-title-wrapper elementor-widget-heading\">\n\n\t\t\t\t\t\t\t\t<h1 class=\"elementor-heading-title elementor-size-default\">\n\t\t\t\t\t\t\t\t\n\t\t\t\tServicios  \n\t\t\t<\/h1 > \n\t\t\t\t\t<\/div>\n\t\t\t\t\t\t<\/div>\n\t\t\t\t<\/div>\n\t\t\t\t<div class=\"elementor-element elementor-element-6c0b5ed elementor-widget elementor-widget-html\" data-id=\"6c0b5ed\" data-element_type=\"widget\" data-e-type=\"widget\" data-widget_type=\"html.default\">\n\t\t\t\t<div class=\"elementor-widget-container\">\n\t\t\t\t\t<div class=\"text-center text-line\">\r\n    <ul class=\"text-c\">\r\n<li>Inicio<\/li>\r\n<li>|<\/li>\r\n<li class=\"color-t\">sERVICioS<\/li>\r\n<\/ul>\r\n<\/div>\r\n\t\t\t\t<\/div>\n\t\t\t\t<\/div>\n\t\t\t\t\t<\/div>\n\t\t<\/div>\n\t\t\t\t\t<\/div>\n\t\t<\/section>\n\t\t\t\t<section class=\"has_eae_slider elementor-section elementor-top-section elementor-element elementor-element-e3f9a02 min-ser-s elementor-section-boxed elementor-section-height-default elementor-section-height-default\" data-eae-slider=\"70148\" data-id=\"e3f9a02\" data-element_type=\"section\" data-e-type=\"section\" data-settings=\"{&quot;background_background&quot;:&quot;classic&quot;}\">\n\t\t\t\t\t\t\t<div class=\"elementor-background-overlay\"><\/div>\n\t\t\t\t\t\t\t<div class=\"elementor-container elementor-column-gap-default\">\n\t\t\t\t\t<div class=\"has_eae_slider elementor-column elementor-col-100 elementor-top-column elementor-element elementor-element-a303634\" data-eae-slider=\"13981\" data-id=\"a303634\" data-element_type=\"column\" data-e-type=\"column\">\n\t\t\t<div class=\"elementor-widget-wrap elementor-element-populated\">\n\t\t\t\t\t\t<section class=\"has_eae_slider elementor-section elementor-inner-section elementor-element elementor-element-a5c6e21 elementor-section-boxed elementor-section-height-default elementor-section-height-default\" data-eae-slider=\"74750\" data-id=\"a5c6e21\" data-element_type=\"section\" data-e-type=\"section\" data-settings=\"{&quot;background_background&quot;:&quot;classic&quot;}\">\n\t\t\t\t\t\t<div class=\"elementor-container elementor-column-gap-default\">\n\t\t\t\t\t<div class=\"has_eae_slider elementor-column elementor-col-50 elementor-inner-column elementor-element elementor-element-c3eea0d\" data-eae-slider=\"832\" data-id=\"c3eea0d\" data-element_type=\"column\" data-e-type=\"column\">\n\t\t\t<div class=\"elementor-widget-wrap elementor-element-populated\">\n\t\t\t\t\t\t<div class=\"elementor-element elementor-element-d515056 elementor-widget elementor-widget-image\" data-id=\"d515056\" data-element_type=\"widget\" data-e-type=\"widget\" data-widget_type=\"image.default\">\n\t\t\t\t<div class=\"elementor-widget-container\">\n\t\t\t\t\t\t\t\t\t\t\t\t\t\t\t<img decoding=\"async\" src=\"http:\/\/products.webrockmedia.com\/cityhome-wordpress\/wp-content\/uploads\/2022\/12\/ser-min.png\" title=\"\" alt=\"\" loading=\"lazy\" \/>\t\t\t\t\t\t\t\t\t\t\t\t\t\t\t<\/div>\n\t\t\t\t<\/div>\n\t\t\t\t<div class=\"elementor-element elementor-element-1b32082 call-ser2 elementor-absolute elementor-widget-tablet__width-initial elementor-widget elementor-widget-button\" data-id=\"1b32082\" data-element_type=\"widget\" data-e-type=\"widget\" data-settings=\"{&quot;_position&quot;:&quot;absolute&quot;}\" data-widget_type=\"button.default\">\n\t\t\t\t<div class=\"elementor-widget-container\">\n\t\t\t\t\t\t\t\t\t<div class=\"elementor-button-wrapper\">\n\t\t\t\t\t<a class=\"elementor-button elementor-button-link elementor-size-xl\" href=\"#\">\n\t\t\t\t\t\t<span class=\"elementor-button-content-wrapper\">\n\t\t\t\t\t\t<span class=\"elementor-button-icon\">\n\t\t\t\t<svg aria-hidden=\"true\" class=\"e-font-icon-svg e-fas-phone-volume\" viewBox=\"0 0 384 512\" xmlns=\"http:\/\/www.w3.org\/2000\/svg\"><path d=\"M97.333 506.966c-129.874-129.874-129.681-340.252 0-469.933 5.698-5.698 14.527-6.632 21.263-2.422l64.817 40.513a17.187 17.187 0 0 1 6.849 20.958l-32.408 81.021a17.188 17.188 0 0 1-17.669 10.719l-55.81-5.58c-21.051 58.261-20.612 122.471 0 179.515l55.811-5.581a17.188 17.188 0 0 1 17.669 10.719l32.408 81.022a17.188 17.188 0 0 1-6.849 20.958l-64.817 40.513a17.19 17.19 0 0 1-21.264-2.422zM247.126 95.473c11.832 20.047 11.832 45.008 0 65.055-3.95 6.693-13.108 7.959-18.718 2.581l-5.975-5.726c-3.911-3.748-4.793-9.622-2.261-14.41a32.063 32.063 0 0 0 0-29.945c-2.533-4.788-1.65-10.662 2.261-14.41l5.975-5.726c5.61-5.378 14.768-4.112 18.718 2.581zm91.787-91.187c60.14 71.604 60.092 175.882 0 247.428-4.474 5.327-12.53 5.746-17.552.933l-5.798-5.557c-4.56-4.371-4.977-11.529-.93-16.379 49.687-59.538 49.646-145.933 0-205.422-4.047-4.85-3.631-12.008.93-16.379l5.798-5.557c5.022-4.813 13.078-4.394 17.552.933zm-45.972 44.941c36.05 46.322 36.108 111.149 0 157.546-4.39 5.641-12.697 6.251-17.856 1.304l-5.818-5.579c-4.4-4.219-4.998-11.095-1.285-15.931 26.536-34.564 26.534-82.572 0-117.134-3.713-4.836-3.115-11.711 1.285-15.931l5.818-5.579c5.159-4.947 13.466-4.337 17.856 1.304z\"><\/path><\/svg>\t\t\t<\/span>\n\t\t\t\t\t\t\t\t\t<span class=\"elementor-button-text\">310 806 9150<\/span>\n\t\t\t\t\t<\/span>\n\t\t\t\t\t<\/a>\n\t\t\t\t<\/div>\n\t\t\t\t\t\t\t\t<\/div>\n\t\t\t\t<\/div>\n\t\t\t\t\t<\/div>\n\t\t<\/div>\n\t\t\t\t<div class=\"has_eae_slider elementor-column elementor-col-50 elementor-inner-column elementor-element elementor-element-55759c6\" data-eae-slider=\"88060\" data-id=\"55759c6\" data-element_type=\"column\" data-e-type=\"column\" data-settings=\"{&quot;background_background&quot;:&quot;classic&quot;}\">\n\t\t\t<div class=\"elementor-widget-wrap elementor-element-populated\">\n\t\t\t\t\t<div class=\"elementor-background-overlay\"><\/div>\n\t\t\t\t\t\t<div class=\"elementor-element elementor-element-057fe0b elementor-widget elementor-widget-heading\" data-id=\"057fe0b\" data-element_type=\"widget\" data-e-type=\"widget\" data-widget_type=\"heading.default\">\n\t\t\t\t<div class=\"elementor-widget-container\">\n\t\t\t\t\t<h2 class=\"elementor-heading-title elementor-size-default\">Hablemos de negocios<\/h2>\t\t\t\t<\/div>\n\t\t\t\t<\/div>\n\t\t\t\t<div class=\"elementor-element elementor-element-b54cb30 elementor-widget elementor-widget-text-editor\" data-id=\"b54cb30\" data-element_type=\"widget\" data-e-type=\"widget\" data-widget_type=\"text-editor.default\">\n\t\t\t\t<div class=\"elementor-widget-container\">\n\t\t\t\t\t\t\t\t\t<p>En Inmobiliaria In House M2, nos enorgullece ser tu socio confiable en el mundo inmobiliario. Estamos aqu\u00ed para transformar tus metas en realidades. Cont\u00e1ctanos hoy y descubre c\u00f3mo podemos ayudarte a alcanzar tus objetivos inmobiliarios. \u00a1Bienvenido a una experiencia inmobiliaria excepcional!<\/p>\t\t\t\t\t\t\t\t<\/div>\n\t\t\t\t<\/div>\n\t\t\t\t\t<\/div>\n\t\t<\/div>\n\t\t\t\t\t<\/div>\n\t\t<\/section>\n\t\t\t\t\t<\/div>\n\t\t<\/div>\n\t\t\t\t\t<\/div>\n\t\t<\/section>\n\t\t\t\t<section class=\"has_eae_slider elementor-section elementor-top-section elementor-element elementor-element-455447a ser-bg elementor-section-boxed elementor-section-height-default elementor-section-height-default\" data-eae-slider=\"59238\" data-id=\"455447a\" data-element_type=\"section\" data-e-type=\"section\" data-settings=\"{&quot;background_background&quot;:&quot;classic&quot;}\">\n\t\t\t\t\t\t\t<div class=\"elementor-background-overlay\"><\/div>\n\t\t\t\t\t\t\t<div class=\"elementor-container elementor-column-gap-default\">\n\t\t\t\t\t<div class=\"has_eae_slider elementor-column elementor-col-100 elementor-top-column elementor-element elementor-element-83e16fe\" data-eae-slider=\"25472\" data-id=\"83e16fe\" data-element_type=\"column\" data-e-type=\"column\">\n\t\t\t<div class=\"elementor-widget-wrap elementor-element-populated\">\n\t\t\t\t\t\t<div class=\"elementor-element elementor-element-ba9b3d5 elementor-widget elementor-widget-heading\" data-id=\"ba9b3d5\" data-element_type=\"widget\" data-e-type=\"widget\" data-widget_type=\"heading.default\">\n\t\t\t\t<div class=\"elementor-widget-container\">\n\t\t\t\t\t<h2 class=\"elementor-heading-title elementor-size-default\">Portafolio de Servicios<\/h2>\t\t\t\t<\/div>\n\t\t\t\t<\/div>\n\t\t\t\t<div class=\"elementor-element elementor-element-ce78099 elementor-widget elementor-widget-text-editor\" data-id=\"ce78099\" data-element_type=\"widget\" data-e-type=\"widget\" data-widget_type=\"text-editor.default\">\n\t\t\t\t<div class=\"elementor-widget-container\">\n\t\t\t\t\t\t\t\t\t<p>Nuestro compromiso es transformar tus sue\u00f1os inmobiliarios en realidades palpables. Ya sea que est\u00e9s buscando la casa perfecta, desees vender tu propiedad o necesites asesoramiento en inversiones, nuestro portafolio de servicios abarca cada aspecto del proceso.<\/p>\t\t\t\t\t\t\t\t<\/div>\n\t\t\t\t<\/div>\n\t\t\t\t<div class=\"elementor-element elementor-element-4674567 elementor-widget elementor-widget-shortcode\" data-id=\"4674567\" data-element_type=\"widget\" data-e-type=\"widget\" data-widget_type=\"shortcode.default\">\n\t\t\t\t<div class=\"elementor-widget-container\">\n\t\t\t\t\t\t\t<div class=\"elementor-shortcode\"><style>\n.img-service-one {\n    position: relative;\n}\n\t.min-service-list {\n    margin-bottom: 30px;\n}\n.img-service-one h3{\n   position: absolute;\n    bottom: 0px;\n    right: 0px;\n    padding: 5px 25px;\n    background: #000;\n    color: #fff;\n    font-size: 20px!important;\n    font-weight: 400!important;\n\tletter-spacing: 0.5px;\n}\n\t.min-ser-part img {\n    clip-path: polygon(22% 0%,100% 0%,100% 100%,100% 100%,0% 100%,0% 20%);\n}\n\t.img-service-one span{\n\t\t\n\t\tcolor: #0a0a0a;\n    font-size: 24px;\n    font-weight: 500;\n\t\tpadding: 5px;\n\t\tposition:absolute;\n\t}\n\t\n<\/style>\n\n\n <section class=\"service-list-aection-one pt-0\">\n            <div class=\"container\">\n                <div class=\"row mb-30\">\n                  \n                     <div class=\"col-lg-3 col-md-6 col-sm-6 col-xs-12\">\n                        <div class=\"min-service-list\">\n                            <div class=\"img-service-one min-ser-part\">\n\t\t\t\t\t\t\t\t<span>1<\/span>\n                                <a href=\"https:\/\/inmobiliariainhousem2.com\/index.php\/service\/compra-de-propiedades\/\">\n                                     \n\t\t\t\t\t\t\t\t\t <h3>Compra de Propiedades<\/h3>\n                                <\/a>\n                            <\/div>\n                            \n                        <\/div>\n                    <\/div>\n\t\t\t\t \n            \n     \n                \n\n                  \n                     <div class=\"col-lg-3 col-md-6 col-sm-6 col-xs-12\">\n                        <div class=\"min-service-list\">\n                            <div class=\"img-service-one min-ser-part\">\n\t\t\t\t\t\t\t\t<span>2<\/span>\n                                <a href=\"https:\/\/inmobiliariainhousem2.com\/index.php\/service\/venta-de-propiedades\/\">\n                                    <img fetchpriority=\"high\" decoding=\"async\" width=\"750\" height=\"480\" src=\"https:\/\/inmobiliariainhousem2.com\/wp-content\/uploads\/2023\/11\/VFTT-Ads.webp\" class=\"attachment-post-thumbnail size-post-thumbnail wp-post-image\" alt=\"\" srcset=\"https:\/\/inmobiliariainhousem2.com\/wp-content\/uploads\/2023\/11\/VFTT-Ads.webp 750w, https:\/\/inmobiliariainhousem2.com\/wp-content\/uploads\/2023\/11\/VFTT-Ads-300x192.webp 300w, https:\/\/inmobiliariainhousem2.com\/wp-content\/uploads\/2023\/11\/VFTT-Ads-600x384.webp 600w\" sizes=\"(max-width: 750px) 100vw, 750px\" \/> \n\t\t\t\t\t\t\t\t\t <h3>Venta de Propiedades<\/h3>\n                                <\/a>\n                            <\/div>\n                            \n                        <\/div>\n                    <\/div>\n\t\t\t\t \n            \n     \n                \n\n                  \n                     <div class=\"col-lg-3 col-md-6 col-sm-6 col-xs-12\">\n                        <div class=\"min-service-list\">\n                            <div class=\"img-service-one min-ser-part\">\n\t\t\t\t\t\t\t\t<span>3<\/span>\n                                <a href=\"https:\/\/inmobiliariainhousem2.com\/index.php\/service\/media-center\/\">\n                                     \n\t\t\t\t\t\t\t\t\t <h3>Alquiler de Propiedades<\/h3>\n                                <\/a>\n                            <\/div>\n                            \n                        <\/div>\n                    <\/div>\n\t\t\t\t \n            \n     \n                \n\n                  \n                     <div class=\"col-lg-3 col-md-6 col-sm-6 col-xs-12\">\n                        <div class=\"min-service-list\">\n                            <div class=\"img-service-one min-ser-part\">\n\t\t\t\t\t\t\t\t<span>4<\/span>\n                                <a href=\"https:\/\/inmobiliariainhousem2.com\/index.php\/service\/swimming-pool\/\">\n                                     \n\t\t\t\t\t\t\t\t\t <h3>Gesti\u00f3n de Propiedades<\/h3>\n                                <\/a>\n                            <\/div>\n                            \n                        <\/div>\n                    <\/div>\n\t\t\t\t \n            \n     \n                \n\n                  \n                     <div class=\"col-lg-3 col-md-6 col-sm-6 col-xs-12\">\n                        <div class=\"min-service-list\">\n                            <div class=\"img-service-one min-ser-part\">\n\t\t\t\t\t\t\t\t<span>5<\/span>\n                                <a href=\"https:\/\/inmobiliariainhousem2.com\/index.php\/service\/security\/\">\n                                     \n\t\t\t\t\t\t\t\t\t <h3>Asesoramiento Legal<\/h3>\n                                <\/a>\n                            <\/div>\n                            \n                        <\/div>\n                    <\/div>\n\t\t\t\t \n            \n     \n                \n\n                  \n                     <div class=\"col-lg-3 col-md-6 col-sm-6 col-xs-12\">\n                        <div class=\"min-service-list\">\n                            <div class=\"img-service-one min-ser-part\">\n\t\t\t\t\t\t\t\t<span>6<\/span>\n                                <a href=\"https:\/\/inmobiliariainhousem2.com\/index.php\/service\/parking-space\/\">\n                                     \n\t\t\t\t\t\t\t\t\t <h3>Tasaciones y Valoraciones<\/h3>\n                                <\/a>\n                            <\/div>\n                            \n                        <\/div>\n                    <\/div>\n\t\t\t\t \n            \n     \n                \n\n                  \n                     <div class=\"col-lg-3 col-md-6 col-sm-6 col-xs-12\">\n                        <div class=\"min-service-list\">\n                            <div class=\"img-service-one min-ser-part\">\n\t\t\t\t\t\t\t\t<span>7<\/span>\n                                <a href=\"https:\/\/inmobiliariainhousem2.com\/index.php\/service\/atractive\/\">\n                                     \n\t\t\t\t\t\t\t\t\t <h3>Servicios Financieros<\/h3>\n                                <\/a>\n                            <\/div>\n                            \n                        <\/div>\n                    <\/div>\n\t\t\t\t \n            \n     \n                \n\n    <\/div>\n<\/div>\n<\/section>\n\n\n<\/div>\n\t\t\t\t\t\t<\/div>\n\t\t\t\t<\/div>\n\t\t\t\t\t<\/div>\n\t\t<\/div>\n\t\t\t\t\t<\/div>\n\t\t<\/section>\n\t\t\t\t<section class=\"has_eae_slider elementor-section elementor-top-section elementor-element elementor-element-524035b elementor-section-boxed elementor-section-height-default elementor-section-height-default\" data-eae-slider=\"99907\" data-id=\"524035b\" data-element_type=\"section\" data-e-type=\"section\">\n\t\t\t\t\t\t<div class=\"elementor-container elementor-column-gap-default\">\n\t\t\t\t\t<div class=\"has_eae_slider elementor-column elementor-col-100 elementor-top-column elementor-element elementor-element-ec419d1\" data-eae-slider=\"8695\" data-id=\"ec419d1\" data-element_type=\"column\" data-e-type=\"column\">\n\t\t\t<div class=\"elementor-widget-wrap elementor-element-populated\">\n\t\t\t\t\t\t<section class=\"has_eae_slider elementor-section elementor-inner-section elementor-element elementor-element-827f0e2 elementor-section-full_width elementor-section-height-default elementor-section-height-default\" data-eae-slider=\"59071\" data-id=\"827f0e2\" data-element_type=\"section\" data-e-type=\"section\">\n\t\t\t\t\t\t<div class=\"elementor-container elementor-column-gap-default\">\n\t\t\t\t\t<div class=\"has_eae_slider elementor-column elementor-col-50 elementor-inner-column elementor-element elementor-element-c632e78\" data-eae-slider=\"17093\" data-id=\"c632e78\" data-element_type=\"column\" data-e-type=\"column\">\n\t\t\t<div class=\"elementor-widget-wrap elementor-element-populated\">\n\t\t\t\t\t\t<div class=\"elementor-element elementor-element-38ed5b5 elementor-widget elementor-widget-image\" data-id=\"38ed5b5\" data-element_type=\"widget\" data-e-type=\"widget\" data-widget_type=\"image.default\">\n\t\t\t\t<div class=\"elementor-widget-container\">\n\t\t\t\t\t\t\t\t\t\t\t\t\t\t\t<img decoding=\"async\" src=\"http:\/\/products.webrockmedia.com\/cityhome-wordpress\/wp-content\/uploads\/2022\/12\/ser-bottom.png\" title=\"\" alt=\"\" loading=\"lazy\" \/>\t\t\t\t\t\t\t\t\t\t\t\t\t\t\t<\/div>\n\t\t\t\t<\/div>\n\t\t\t\t\t<\/div>\n\t\t<\/div>\n\t\t\t\t<div class=\"has_eae_slider elementor-column elementor-col-50 elementor-inner-column elementor-element elementor-element-7714766\" data-eae-slider=\"77217\" data-id=\"7714766\" data-element_type=\"column\" data-e-type=\"column\">\n\t\t\t<div class=\"elementor-widget-wrap elementor-element-populated\">\n\t\t\t\t\t\t<div class=\"elementor-element elementor-element-8d28290 elementor-widget elementor-widget-heading\" data-id=\"8d28290\" data-element_type=\"widget\" data-e-type=\"widget\" data-widget_type=\"heading.default\">\n\t\t\t\t<div class=\"elementor-widget-container\">\n\t\t\t\t\t<h2 class=\"elementor-heading-title elementor-size-default\">Values Of Living In City Home Residence<\/h2>\t\t\t\t<\/div>\n\t\t\t\t<\/div>\n\t\t\t\t<div class=\"elementor-element elementor-element-b9fd47d elementor-widget elementor-widget-text-editor\" data-id=\"b9fd47d\" data-element_type=\"widget\" data-e-type=\"widget\" data-widget_type=\"text-editor.default\">\n\t\t\t\t<div class=\"elementor-widget-container\">\n\t\t\t\t\t\t\t\t\t<p>Lorem Ipsum is simply dummy text of the printing and typesetting industry. Lorem Ipsum has been the industry&#8217;s standard dummy text ever since the 1500s, when an unknown printer took a galley of type and scrambled<\/p><p>Lorem Ipsum is simply dummy text of the printing and typesetting industry. Lorem Ipsum has been the industry&#8217;s standard dummy text ever since the 1500s, when an unknown printer took a galley of type and scrambled<\/p><p>Lorem Ipsum is simply dummy text of the printing and typesetting industry. Lorem Ipsum has been the industry&#8217;s standard dummy text ever since the 1500s, when an unknown printer took a galley of type and scrambled<\/p>\t\t\t\t\t\t\t\t<\/div>\n\t\t\t\t<\/div>\n\t\t\t\t\t<\/div>\n\t\t<\/div>\n\t\t\t\t\t<\/div>\n\t\t<\/section>\n\t\t\t\t\t<\/div>\n\t\t<\/div>\n\t\t\t\t\t<\/div>\n\t\t<\/section>\n\t\t\t\t<\/div>\n\t\t","protected":false},"excerpt":{"rendered":"<p>Servicios Inicio | sERVICioS 310 806 9150 Hablemos de negocios En Inmobiliaria In House M2, nos enorgullece ser tu socio confiable en el mundo inmobiliario. Estamos aqu\u00ed para transformar tus metas en realidades. Cont\u00e1ctanos hoy y descubre c\u00f3mo podemos ayudarte a alcanzar tus objetivos inmobiliarios. \u00a1Bienvenido a una experiencia inmobiliaria excepcional! Portafolio de Servicios Nuestro [&hellip;]<\/p>\n","protected":false},"author":1,"featured_media":0,"parent":0,"menu_order":0,"comment_status":"closed","ping_status":"closed","template":"elementor_header_footer","meta":{"_acf_changed":false,"om_disable_all_campaigns":false,"_monsterinsights_skip_tracking":false,"_monsterinsights_sitenote_active":false,"_monsterinsights_sitenote_note":"","_monsterinsights_sitenote_category":0,"footnotes":""},"class_list":["post-97","page","type-page","status-publish","hentry"],"acf":[],"_links":{"self":[{"href":"https:\/\/inmobiliariainhousem2.com\/index.php\/wp-json\/wp\/v2\/pages\/97","targetHints":{"allow":["GET"]}}],"collection":[{"href":"https:\/\/inmobiliariainhousem2.com\/index.php\/wp-json\/wp\/v2\/pages"}],"about":[{"href":"https:\/\/inmobiliariainhousem2.com\/index.php\/wp-json\/wp\/v2\/types\/page"}],"author":[{"embeddable":true,"href":"https:\/\/inmobiliariainhousem2.com\/index.php\/wp-json\/wp\/v2\/users\/1"}],"replies":[{"embeddable":true,"href":"https:\/\/inmobiliariainhousem2.com\/index.php\/wp-json\/wp\/v2\/comments?post=97"}],"version-history":[{"count":10,"href":"https:\/\/inmobiliariainhousem2.com\/index.php\/wp-json\/wp\/v2\/pages\/97\/revisions"}],"predecessor-version":[{"id":6694,"href":"https:\/\/inmobiliariainhousem2.com\/index.php\/wp-json\/wp\/v2\/pages\/97\/revisions\/6694"}],"wp:attachment":[{"href":"https:\/\/inmobiliariainhousem2.com\/index.php\/wp-json\/wp\/v2\/media?parent=97"}],"curies":[{"name":"wp","href":"https:\/\/api.w.org\/{rel}","templated":true}]}}