{"id":6266,"date":"2023-05-16T11:31:00","date_gmt":"2023-05-16T11:31:00","guid":{"rendered":"https:\/\/products.webrockmedia.com\/cityhome-wordpress\/blogs-copy\/"},"modified":"2024-02-01T03:11:07","modified_gmt":"2024-02-01T03:11:07","slug":"blog-with-side-bar","status":"publish","type":"page","link":"https:\/\/inmobiliariainhousem2.com\/index.php\/blog-with-side-bar\/","title":{"rendered":"Noticias"},"content":{"rendered":"\t\t<div data-elementor-type=\"wp-page\" data-elementor-id=\"6266\" class=\"elementor elementor-6266\" data-elementor-post-type=\"page\">\n\t\t\t\t\t\t<section class=\"has_eae_slider elementor-section elementor-top-section elementor-element elementor-element-3251b78 elementor-section-boxed elementor-section-height-default elementor-section-height-default\" data-eae-slider=\"13115\" data-id=\"3251b78\" data-element_type=\"section\" data-e-type=\"section\" data-settings=\"{&quot;background_background&quot;:&quot;classic&quot;}\">\n\t\t\t\t\t\t\t<div class=\"elementor-background-overlay\"><\/div>\n\t\t\t\t\t\t\t<div class=\"elementor-container elementor-column-gap-default\">\n\t\t\t\t\t<div class=\"has_eae_slider elementor-column elementor-col-100 elementor-top-column elementor-element elementor-element-07ff7ca\" data-eae-slider=\"11327\" data-id=\"07ff7ca\" data-element_type=\"column\" data-e-type=\"column\">\n\t\t\t<div class=\"elementor-widget-wrap elementor-element-populated\">\n\t\t\t\t\t\t<div class=\"elementor-element elementor-element-54f6f2c elementor-widget elementor-widget-page-title\" data-id=\"54f6f2c\" data-element_type=\"widget\" data-e-type=\"widget\" data-settings=\"{&quot;align&quot;:&quot;center&quot;}\" data-widget_type=\"page-title.default\">\n\t\t\t\t<div class=\"elementor-widget-container\">\n\t\t\t\t\t\t\t\n\t\t<div class=\"hfe-page-title hfe-page-title-wrapper elementor-widget-heading\">\n\n\t\t\t\t\t\t\t\t<h1 class=\"elementor-heading-title elementor-size-default\">\n\t\t\t\t\t\t\t\t\n\t\t\t\tNoticias  \n\t\t\t<\/h1 > \n\t\t\t\t\t<\/div>\n\t\t\t\t\t\t<\/div>\n\t\t\t\t<\/div>\n\t\t\t\t<div class=\"elementor-element elementor-element-32224ac elementor-widget elementor-widget-html\" data-id=\"32224ac\" data-element_type=\"widget\" data-e-type=\"widget\" data-widget_type=\"html.default\">\n\t\t\t\t<div class=\"elementor-widget-container\">\n\t\t\t\t\t<div class=\"text-center text-line\">\r\n    <ul class=\"text-c\">\r\n<li>Inicio<\/li>\r\n<li>|<\/li>\r\n<li class=\"color-t\">Noticias<\/li>\r\n<\/ul>\r\n<\/div>\r\n\t\t\t\t<\/div>\n\t\t\t\t<\/div>\n\t\t\t\t\t<\/div>\n\t\t<\/div>\n\t\t\t\t\t<\/div>\n\t\t<\/section>\n\t\t<div class=\"has_eae_slider elementor-element elementor-element-f9e1ad3 e-flex e-con-boxed e-con e-parent\" data-eae-slider=\"67264\" data-id=\"f9e1ad3\" data-element_type=\"container\" data-e-type=\"container\">\n\t\t\t\t\t<div class=\"e-con-inner\">\n\t\t\t\t<div class=\"elementor-element elementor-element-21c10ff eae-pl-img-align-left elementor-widget elementor-widget-wts-postlist\" data-id=\"21c10ff\" data-element_type=\"widget\" data-e-type=\"widget\" data-widget_type=\"wts-postlist.default\">\n\t\t\t\t<div class=\"elementor-widget-container\">\n\t\t\t\t\t\t\t\t<div class=\"wts-eae-pl-wrapper\">\n\t\t\t\t\t\t\t\t\t\t<ul>\n\t\t\t\t\t\t\t\t\t\t\t\t\t\t<li>\n\t\t\t\t\t\t\t\t\t\t\t\t\t\t\t\t\t\t\t\t\t\t\t<div class=\"eae-pl-image-wrapper\">\n\t\t\t\t\t\t\t\t\t\t<a href=\"https:\/\/inmobiliariainhousem2.com\/index.php\/2024\/01\/26\/hello-world\/\" title=\"Descubre las Tendencias Emergentes en el Mercado Inmobiliario\">\n\t\t\t\t\t\t\t\t\t\t\t\t\t\t\t\t\t\t\t\t\t<\/a>\n\t\t\t\t\t\t\t\t\t<\/div>\n\t\t\t\t\t\t\t\t\t\t\t\t\t\t\t\t\t\t<div class=\"eae-pl-content-box-wrapper\">\n\n\t\t\t\t\t\t\t\t\t\t\t\t\t\t\t\t\t\t\t<h3 class=\"eae-pl-title\"><a href=\"https:\/\/inmobiliariainhousem2.com\/index.php\/2024\/01\/26\/hello-world\/\" title=\"Descubre las Tendencias Emergentes en el Mercado Inmobiliario\">Descubre las Tendencias Emergentes en el Mercado Inmobiliario<\/a><\/h3>\n\t\t\t\t\t\t\t\t\t\n\t\t\t\t\t\t\t\t\t\t\t\t\t\t\t\t\t\t\t<div class=\"eae-pl-content-box\">\n\t\t\t\t\t\t\t\t\t\t\t...\t\t\t\t\t\t\t\t\t\t<\/div>\n\t\t\t\t\t\t\t\t\t\n\t\t\t\t\t\t\t\t\t\t\t\t\t\t\t\t\t\t\t<div class=\"eae-pl-readmore\">\n\t\t\t\t\t\t\t\t\t\t\t<a href=\"https:\/\/inmobiliariainhousem2.com\/index.php\/2024\/01\/26\/hello-world\/\" title=\"Descubre las Tendencias Emergentes en el Mercado Inmobiliario\">Leer M\u00e1s<\/a>\n\t\t\t\t\t\t\t\t\t\t<\/div>\n\t\t\t\t\t\t\t\t\t\t\t\t\t\t\t\t\t\t<\/div>\n\t\t\t\t\t\t\t\t<\/li>\n\t\t\t\t\t\t\t\t\t\t\t\t\t\t\t<li>\n\t\t\t\t\t\t\t\t\t\t\t\t\t\t\t\t\t\t\t\t\t\t\t<div class=\"eae-pl-image-wrapper\">\n\t\t\t\t\t\t\t\t\t\t<a href=\"https:\/\/inmobiliariainhousem2.com\/index.php\/2024\/01\/16\/it-was-popularised-in-the-1960s-with-the-release-of-letraset\/\" title=\"Consejos para Preparar tu Casa para la Venta: Maximiza su Atractivo\">\n\t\t\t\t\t\t\t\t\t\t\t\t\t\t\t\t\t\t\t\t\t<\/a>\n\t\t\t\t\t\t\t\t\t<\/div>\n\t\t\t\t\t\t\t\t\t\t\t\t\t\t\t\t\t\t<div class=\"eae-pl-content-box-wrapper\">\n\n\t\t\t\t\t\t\t\t\t\t\t\t\t\t\t\t\t\t\t<h3 class=\"eae-pl-title\"><a href=\"https:\/\/inmobiliariainhousem2.com\/index.php\/2024\/01\/16\/it-was-popularised-in-the-1960s-with-the-release-of-letraset\/\" title=\"Consejos para Preparar tu Casa para la Venta: Maximiza su Atractivo\">Consejos para Preparar tu Casa para la Venta: Maximiza su Atractivo<\/a><\/h3>\n\t\t\t\t\t\t\t\t\t\n\t\t\t\t\t\t\t\t\t\t\t\t\t\t\t\t\t\t\t<div class=\"eae-pl-content-box\">\n\t\t\t\t\t\t\t\t\t\t\t...\t\t\t\t\t\t\t\t\t\t<\/div>\n\t\t\t\t\t\t\t\t\t\n\t\t\t\t\t\t\t\t\t\t\t\t\t\t\t\t\t\t\t<div class=\"eae-pl-readmore\">\n\t\t\t\t\t\t\t\t\t\t\t<a href=\"https:\/\/inmobiliariainhousem2.com\/index.php\/2024\/01\/16\/it-was-popularised-in-the-1960s-with-the-release-of-letraset\/\" title=\"Consejos para Preparar tu Casa para la Venta: Maximiza su Atractivo\">Leer M\u00e1s<\/a>\n\t\t\t\t\t\t\t\t\t\t<\/div>\n\t\t\t\t\t\t\t\t\t\t\t\t\t\t\t\t\t\t<\/div>\n\t\t\t\t\t\t\t\t<\/li>\n\t\t\t\t\t\t\t\t\t\t\t\t\t\t\t<li>\n\t\t\t\t\t\t\t\t\t\t\t\t\t\t\t\t\t\t\t\t\t\t\t<div class=\"eae-pl-image-wrapper\">\n\t\t\t\t\t\t\t\t\t\t<a href=\"https:\/\/inmobiliariainhousem2.com\/index.php\/2024\/01\/16\/when-an-unknown-printer-took-a-galley-of-type-and-scrambled-it-to-make\/\" title=\"C\u00f3mo Elegir la Ubicaci\u00f3n Perfecta para tu Nuevo Hogar\">\n\t\t\t\t\t\t\t\t\t\t\t\t\t\t\t\t\t\t\t\t\t<\/a>\n\t\t\t\t\t\t\t\t\t<\/div>\n\t\t\t\t\t\t\t\t\t\t\t\t\t\t\t\t\t\t<div class=\"eae-pl-content-box-wrapper\">\n\n\t\t\t\t\t\t\t\t\t\t\t\t\t\t\t\t\t\t\t<h3 class=\"eae-pl-title\"><a href=\"https:\/\/inmobiliariainhousem2.com\/index.php\/2024\/01\/16\/when-an-unknown-printer-took-a-galley-of-type-and-scrambled-it-to-make\/\" title=\"C\u00f3mo Elegir la Ubicaci\u00f3n Perfecta para tu Nuevo Hogar\">C\u00f3mo Elegir la Ubicaci\u00f3n Perfecta para tu Nuevo Hogar<\/a><\/h3>\n\t\t\t\t\t\t\t\t\t\n\t\t\t\t\t\t\t\t\t\t\t\t\t\t\t\t\t\t\t<div class=\"eae-pl-content-box\">\n\t\t\t\t\t\t\t\t\t\t\t...\t\t\t\t\t\t\t\t\t\t<\/div>\n\t\t\t\t\t\t\t\t\t\n\t\t\t\t\t\t\t\t\t\t\t\t\t\t\t\t\t\t\t<div class=\"eae-pl-readmore\">\n\t\t\t\t\t\t\t\t\t\t\t<a href=\"https:\/\/inmobiliariainhousem2.com\/index.php\/2024\/01\/16\/when-an-unknown-printer-took-a-galley-of-type-and-scrambled-it-to-make\/\" title=\"C\u00f3mo Elegir la Ubicaci\u00f3n Perfecta para tu Nuevo Hogar\">Leer M\u00e1s<\/a>\n\t\t\t\t\t\t\t\t\t\t<\/div>\n\t\t\t\t\t\t\t\t\t\t\t\t\t\t\t\t\t\t<\/div>\n\t\t\t\t\t\t\t\t<\/li>\n\t\t\t\t\t\t\t\t\t\t\t\t\t\t\t<li>\n\t\t\t\t\t\t\t\t\t\t\t\t\t\t\t\t\t\t\t\t\t\t\t<div class=\"eae-pl-image-wrapper\">\n\t\t\t\t\t\t\t\t\t\t<a href=\"https:\/\/inmobiliariainhousem2.com\/index.php\/2024\/01\/16\/letraset-sheets-containing-lorem-ipsum-passages-and-more-recently\/\" title=\"Invierte con \u00c9xito: Consejos para Principiantes en Bienes Ra\u00edces\">\n\t\t\t\t\t\t\t\t\t\t\t\t\t\t\t\t\t\t\t\t\t<\/a>\n\t\t\t\t\t\t\t\t\t<\/div>\n\t\t\t\t\t\t\t\t\t\t\t\t\t\t\t\t\t\t<div class=\"eae-pl-content-box-wrapper\">\n\n\t\t\t\t\t\t\t\t\t\t\t\t\t\t\t\t\t\t\t<h3 class=\"eae-pl-title\"><a href=\"https:\/\/inmobiliariainhousem2.com\/index.php\/2024\/01\/16\/letraset-sheets-containing-lorem-ipsum-passages-and-more-recently\/\" title=\"Invierte con \u00c9xito: Consejos para Principiantes en Bienes Ra\u00edces\">Invierte con \u00c9xito: Consejos para Principiantes en Bienes Ra\u00edces<\/a><\/h3>\n\t\t\t\t\t\t\t\t\t\n\t\t\t\t\t\t\t\t\t\t\t\t\t\t\t\t\t\t\t<div class=\"eae-pl-content-box\">\n\t\t\t\t\t\t\t\t\t\t\t...\t\t\t\t\t\t\t\t\t\t<\/div>\n\t\t\t\t\t\t\t\t\t\n\t\t\t\t\t\t\t\t\t\t\t\t\t\t\t\t\t\t\t<div class=\"eae-pl-readmore\">\n\t\t\t\t\t\t\t\t\t\t\t<a href=\"https:\/\/inmobiliariainhousem2.com\/index.php\/2024\/01\/16\/letraset-sheets-containing-lorem-ipsum-passages-and-more-recently\/\" title=\"Invierte con \u00c9xito: Consejos para Principiantes en Bienes Ra\u00edces\">Leer M\u00e1s<\/a>\n\t\t\t\t\t\t\t\t\t\t<\/div>\n\t\t\t\t\t\t\t\t\t\t\t\t\t\t\t\t\t\t<\/div>\n\t\t\t\t\t\t\t\t<\/li>\n\t\t\t\t\t\t\t\t\t\t\t\t\t\t\t<li>\n\t\t\t\t\t\t\t\t\t\t\t\t\t\t\t\t\t\t\t\t\t\t\t<div class=\"eae-pl-image-wrapper\">\n\t\t\t\t\t\t\t\t\t\t<a href=\"https:\/\/inmobiliariainhousem2.com\/index.php\/2024\/01\/16\/ten-benefits-of-rentals-that-may-change-your-perspective\/\" title=\"El Poder de la Remodelaci\u00f3n: C\u00f3mo Aumentar el Valor de tu Propiedad\">\n\t\t\t\t\t\t\t\t\t\t\t\t\t\t\t\t\t\t\t\t\t<\/a>\n\t\t\t\t\t\t\t\t\t<\/div>\n\t\t\t\t\t\t\t\t\t\t\t\t\t\t\t\t\t\t<div class=\"eae-pl-content-box-wrapper\">\n\n\t\t\t\t\t\t\t\t\t\t\t\t\t\t\t\t\t\t\t<h3 class=\"eae-pl-title\"><a href=\"https:\/\/inmobiliariainhousem2.com\/index.php\/2024\/01\/16\/ten-benefits-of-rentals-that-may-change-your-perspective\/\" title=\"El Poder de la Remodelaci\u00f3n: C\u00f3mo Aumentar el Valor de tu Propiedad\">El Poder de la Remodelaci\u00f3n: C\u00f3mo Aumentar el Valor de tu Propiedad<\/a><\/h3>\n\t\t\t\t\t\t\t\t\t\n\t\t\t\t\t\t\t\t\t\t\t\t\t\t\t\t\t\t\t<div class=\"eae-pl-content-box\">\n\t\t\t\t\t\t\t\t\t\t\t...\t\t\t\t\t\t\t\t\t\t<\/div>\n\t\t\t\t\t\t\t\t\t\n\t\t\t\t\t\t\t\t\t\t\t\t\t\t\t\t\t\t\t<div class=\"eae-pl-readmore\">\n\t\t\t\t\t\t\t\t\t\t\t<a href=\"https:\/\/inmobiliariainhousem2.com\/index.php\/2024\/01\/16\/ten-benefits-of-rentals-that-may-change-your-perspective\/\" title=\"El Poder de la Remodelaci\u00f3n: C\u00f3mo Aumentar el Valor de tu Propiedad\">Leer M\u00e1s<\/a>\n\t\t\t\t\t\t\t\t\t\t<\/div>\n\t\t\t\t\t\t\t\t\t\t\t\t\t\t\t\t\t\t<\/div>\n\t\t\t\t\t\t\t\t<\/li>\n\t\t\t\t\t\t\t\t\t\t\t\t\t<\/ul>\n\t\t\t\t\t\t\t\t\t<\/div>\n\t\t\t\t\t\t<\/div>\n\t\t\t\t<\/div>\n\t\t\t\t\t<\/div>\n\t\t\t\t<\/div>\n\t\t\t\t<\/div>\n\t\t","protected":false},"excerpt":{"rendered":"<p>Noticias Inicio | Noticias Descubre las Tendencias Emergentes en el Mercado Inmobiliario &#8230; Leer M\u00e1s Consejos para Preparar tu Casa para la Venta: Maximiza su Atractivo &#8230; Leer M\u00e1s C\u00f3mo Elegir la Ubicaci\u00f3n Perfecta para tu Nuevo Hogar &#8230; Leer M\u00e1s Invierte con \u00c9xito: Consejos para Principiantes en Bienes Ra\u00edces &#8230; Leer M\u00e1s El Poder [&hellip;]<\/p>\n","protected":false},"author":1,"featured_media":0,"parent":0,"menu_order":0,"comment_status":"closed","ping_status":"closed","template":"elementor_header_footer","meta":{"_acf_changed":false,"om_disable_all_campaigns":false,"_monsterinsights_skip_tracking":false,"_monsterinsights_sitenote_active":false,"_monsterinsights_sitenote_note":"","_monsterinsights_sitenote_category":0,"footnotes":""},"class_list":["post-6266","page","type-page","status-publish","hentry"],"acf":[],"_links":{"self":[{"href":"https:\/\/inmobiliariainhousem2.com\/index.php\/wp-json\/wp\/v2\/pages\/6266","targetHints":{"allow":["GET"]}}],"collection":[{"href":"https:\/\/inmobiliariainhousem2.com\/index.php\/wp-json\/wp\/v2\/pages"}],"about":[{"href":"https:\/\/inmobiliariainhousem2.com\/index.php\/wp-json\/wp\/v2\/types\/page"}],"author":[{"embeddable":true,"href":"https:\/\/inmobiliariainhousem2.com\/index.php\/wp-json\/wp\/v2\/users\/1"}],"replies":[{"embeddable":true,"href":"https:\/\/inmobiliariainhousem2.com\/index.php\/wp-json\/wp\/v2\/comments?post=6266"}],"version-history":[{"count":23,"href":"https:\/\/inmobiliariainhousem2.com\/index.php\/wp-json\/wp\/v2\/pages\/6266\/revisions"}],"predecessor-version":[{"id":7340,"href":"https:\/\/inmobiliariainhousem2.com\/index.php\/wp-json\/wp\/v2\/pages\/6266\/revisions\/7340"}],"wp:attachment":[{"href":"https:\/\/inmobiliariainhousem2.com\/index.php\/wp-json\/wp\/v2\/media?parent=6266"}],"curies":[{"name":"wp","href":"https:\/\/api.w.org\/{rel}","templated":true}]}}