{"id":4896,"date":"2022-02-17T02:14:56","date_gmt":"2022-02-17T02:14:56","guid":{"rendered":"https:\/\/staging.sarawgeek.com\/cityhome-wordpress\/?page_id=4896"},"modified":"2024-01-29T22:36:43","modified_gmt":"2024-01-29T22:36:43","slug":"advanced-search-2","status":"publish","type":"page","link":"https:\/\/inmobiliariainhousem2.com\/index.php\/advanced-search-2\/","title":{"rendered":"advanced-search"},"content":{"rendered":"\t\t<div data-elementor-type=\"wp-page\" data-elementor-id=\"4896\" class=\"elementor elementor-4896\" data-elementor-post-type=\"page\">\n\t\t\t\t\t\t<section class=\"has_eae_slider elementor-section elementor-top-section elementor-element elementor-element-666e9ca elementor-section-boxed elementor-section-height-default elementor-section-height-default\" data-eae-slider=\"62343\" data-id=\"666e9ca\" data-element_type=\"section\" data-e-type=\"section\" data-settings=\"{&quot;background_background&quot;:&quot;classic&quot;}\">\n\t\t\t\t\t\t\t<div class=\"elementor-background-overlay\"><\/div>\n\t\t\t\t\t\t\t<div class=\"elementor-container elementor-column-gap-default\">\n\t\t\t\t\t<div class=\"has_eae_slider elementor-column elementor-col-100 elementor-top-column elementor-element elementor-element-9b1cb8d\" data-eae-slider=\"58332\" data-id=\"9b1cb8d\" data-element_type=\"column\" data-e-type=\"column\">\n\t\t\t<div class=\"elementor-widget-wrap elementor-element-populated\">\n\t\t\t\t\t\t<div class=\"elementor-element elementor-element-ed803e2 elementor-widget elementor-widget-page-title\" data-id=\"ed803e2\" data-element_type=\"widget\" data-e-type=\"widget\" data-settings=\"{&quot;align&quot;:&quot;center&quot;}\" data-widget_type=\"page-title.default\">\n\t\t\t\t<div class=\"elementor-widget-container\">\n\t\t\t\t\t\t\t\n\t\t<div class=\"hfe-page-title hfe-page-title-wrapper elementor-widget-heading\">\n\n\t\t\t\t\t\t\t\t<h1 class=\"elementor-heading-title elementor-size-default\">\n\t\t\t\t\t\t\t\t\n\t\t\t\tadvanced-search  \n\t\t\t<\/h1 > \n\t\t\t\t\t<\/div>\n\t\t\t\t\t\t<\/div>\n\t\t\t\t<\/div>\n\t\t\t\t<div class=\"elementor-element elementor-element-6b9eda3 elementor-widget elementor-widget-html\" data-id=\"6b9eda3\" data-element_type=\"widget\" data-e-type=\"widget\" data-widget_type=\"html.default\">\n\t\t\t\t<div class=\"elementor-widget-container\">\n\t\t\t\t\t<div class=\"text-center text-line\">\r\n    <ul class=\"text-c\">\r\n<li>Home<\/li>\r\n<li>|<\/li>\r\n<li class=\"color-t\">Buscador<\/li>\r\n<\/ul>\r\n<\/div>\r\n\t\t\t\t<\/div>\n\t\t\t\t<\/div>\n\t\t\t\t\t<\/div>\n\t\t<\/div>\n\t\t\t\t\t<\/div>\n\t\t<\/section>\n\t\t\t\t<section class=\"has_eae_slider elementor-section elementor-top-section elementor-element elementor-element-d4e4bca min-search elementor-section-full_width elementor-section-height-default elementor-section-height-default\" data-eae-slider=\"83210\" data-id=\"d4e4bca\" data-element_type=\"section\" data-e-type=\"section\">\n\t\t\t\t\t\t<div class=\"elementor-container elementor-column-gap-default\">\n\t\t\t\t\t<div class=\"has_eae_slider elementor-column elementor-col-100 elementor-top-column elementor-element elementor-element-0ac7976\" data-eae-slider=\"38992\" data-id=\"0ac7976\" data-element_type=\"column\" data-e-type=\"column\">\n\t\t\t<div class=\"elementor-widget-wrap elementor-element-populated\">\n\t\t\t\t\t\t<div class=\"elementor-element elementor-element-e8be62f elementor-widget elementor-widget-shortcode\" data-id=\"e8be62f\" data-element_type=\"widget\" data-e-type=\"widget\" data-widget_type=\"shortcode.default\">\n\t\t\t\t<div class=\"elementor-widget-container\">\n\t\t\t\t\t\t\t<div class=\"elementor-shortcode\"><div class=\"ere-advanced-search-wrap ere-property-wrap\">\n    <div class=\"ere_property-advanced-search-form-wrap\">\r\n    <div data-options=\"{&quot;ajax_url&quot;:&quot;\\\/wp-admin\\\/admin-ajax.php&quot;,&quot;price_is_slider&quot;:&quot;false&quot;,&quot;enable_filter_location&quot;:&quot;1&quot;}\" class=\"ere-property-advanced-search clearfix tab color-dark \">\n    <div class=\"form-search-wrap has-status-tab\">\r\n    <div class=\"form-search-inner\">\r\n        <div class=\"ere-search-content\">\r\n            <div data-href=\"https:\/\/inmobiliariainhousem2.com\/\" class=\"search-properties-form\">\r\n                                    <div class=\"ere-search-status-tab\">\r\n    <div class=\"ere-search-status-tab-inner\">\r\n        <input class=\"search-field\" type='hidden' name=\"status\" value=\"para-arrendar\" data-default-value=\"\"\/>\r\n                                <button type=\"button\" data-value=\"para-arrendar\" class=\"btn-status-filter active\">Para Arrendar<\/button>\r\n                                <button type=\"button\" data-value=\"en-venta\" class=\"btn-status-filter\">En Venta<\/button>\r\n                                <button type=\"button\" data-value=\"arrendado\" class=\"btn-status-filter\">Arrendado<\/button>\r\n            <\/div>\r\n<\/div>                                <div class=\"form-search\">\r\n                    <div class=\"row\">\r\n                        <div class=\"col-lg-4 col-md-6 col-12 form-group\">\r\n    <select name=\"type\" title=\"Property Types\"\r\n            class=\"search-field form-control\" data-default-value=\"\">\r\n        <option value=\"apartaestudio\">ApartaEstudio<\/option><option value=\"apartamentos\">Apartamentos<\/option><option value=\"bodegas\">Bodegas<\/option><option value=\"casas\">Casas<\/option><option value=\"edificios\">Edificios<\/option><option value=\"fincas\">Fincas<\/option><option value=\"hotel\">Hotel<\/option><option value=\"lotes\">Lotes<\/option><option value=\"oficinas\">Oficinas<\/option><option value=\"otros\">Otros<\/option>        <option\r\n            value=\"\"  selected='selected'>\r\n            All Types        <\/option>\r\n    <\/select>\r\n<\/div><div class=\"col-lg-4 col-md-6 col-12 form-group\">\r\n    <select name=\"rooms\" title=\"Las Habitaciones De La Propiedad\"\r\n            class=\"search-field form-control\" data-default-value=\"\">\r\n        <option value=\"\">\r\n            Any Rooms        <\/option>\r\n\t    \t\t    \t\t\t    <option  value=\"1\">1<\/option>\r\n\t\t    \t\t\t    <option  value=\"2\">2<\/option>\r\n\t\t    \t\t\t    <option  value=\"3\">3<\/option>\r\n\t\t    \t\t\t    <option  value=\"4\">4<\/option>\r\n\t\t    \t\t\t    <option  value=\"5\">5<\/option>\r\n\t\t    \t\t\t    <option  value=\"6\">6<\/option>\r\n\t\t    \t\t\t    <option  value=\"7\">7<\/option>\r\n\t\t    \t\t\t    <option  value=\"8\">8<\/option>\r\n\t\t    \t\t\t    <option  value=\"9\">9<\/option>\r\n\t\t    \t\t\t    <option  value=\"10\">10<\/option>\r\n\t\t    \t        <\/select>\r\n<\/div><div class=\"col-lg-4 col-md-6 col-12 form-group\">\r\n    <select name=\"bathrooms\" title=\"Propiedad Cuartos De Ba\u00f1o\"\r\n            class=\"search-field form-control\" data-default-value=\"\">\r\n        <option value=\"\">\r\n            Any Bathrooms        <\/option>\r\n\t    \t        \t\t\t    <option  value=\"1\">1<\/option>\r\n\t        \t\t\t    <option  value=\"2\">2<\/option>\r\n\t        \t\t\t    <option  value=\"3\">3<\/option>\r\n\t        \t\t\t    <option  value=\"4\">4<\/option>\r\n\t        \t\t\t    <option  value=\"5\">5<\/option>\r\n\t        \t\t\t    <option  value=\"6\">6<\/option>\r\n\t        \t\t\t    <option  value=\"7\">7<\/option>\r\n\t        \t\t\t    <option  value=\"8\">8<\/option>\r\n\t        \t\t\t    <option  value=\"9\">9<\/option>\r\n\t        \t\t\t    <option  value=\"10\">10<\/option>\r\n\t        \t        <\/select>\r\n<\/div><div class=\"col-lg-4 col-md-6 col-12 form-group\">\r\n    <select name=\"garage\" title=\"Propiedad Garajes\"\r\n            class=\"search-field form-control\" data-default-value=\"\">\r\n        <option value=\"\">\r\n            N\u00famero de Garajes        <\/option>\r\n\t    \t\t    \t\t\t    <option  value=\"1\">1<\/option>\r\n\t\t    \t\t\t    <option  value=\"2\">2<\/option>\r\n\t\t    \t\t\t    <option  value=\"3\">3<\/option>\r\n\t\t    \t\t\t    <option  value=\"4\">4<\/option>\r\n\t\t    \t\t\t    <option  value=\"5\">5<\/option>\r\n\t\t    \t\t\t    <option  value=\"6\">6<\/option>\r\n\t\t    \t\t\t    <option  value=\"7\">7<\/option>\r\n\t\t    \t\t\t    <option  value=\"8\">8<\/option>\r\n\t\t    \t\t\t    <option  value=\"9\">9<\/option>\r\n\t\t    \t\t\t    <option  value=\"10\">10<\/option>\r\n\t\t    \t        <\/select>\r\n<\/div>                                                    <div class=\"form-group col-lg-4 col-md-6 col-12 submit-search-form\">\r\n                                <button type=\"button\" class=\"ere-advanced-search-btn\"><i class=\"fa fa-search\"><\/i>\r\n                                    B\u00fasqueda                                <\/button>\r\n                            <\/div>\r\n                                            <\/div>\r\n                <\/div>\r\n            <\/div>\r\n        <\/div>\r\n    <\/div>\r\n<\/div><\/div>            <div class=\"advanced-saved-searches\">\r\n            <button type=\"button\" class=\"btn btn-primary btn-xs btn-save-search\" data-toggle=\"modal\" data-target=\"#ere_signin_modal\">\r\n                Guardar B\u00fasqueda<\/button>\r\n        <\/div>\r\n        <div class=\"modal fade ere_save_search_modal\" id=\"ere_save_search_modal\" tabindex=\"-1\" role=\"dialog\"\n     aria-labelledby=\"SaveSearchModalLabel\">\n\t<div class=\"modal-dialog\" role=\"document\">\n\t\t<div class=\"modal-content\">\n\t\t\t<div class=\"modal-header\">\n\t\t\t\t<h5 class=\"modal-title mb-0\" id=\"SaveSearchModalLabel\">B\u00fasqueda Guardada<\/h5>\n                <button type=\"button\" class=\"close\" data-dismiss=\"modal\" aria-label=\"Close\"><span\n                            aria-hidden=\"true\">&times;<\/span><\/button>\n\t\t\t<\/div>\n\t\t\t<div class=\"modal-body\">\n\t\t\t\t<div class=\"alert alert-info\" role=\"alert\">\n\t\t\t\t\t<i class=\"fa fa-info-circle\"><\/i>\n\t\t\t\t\tCon Salvado de B\u00fasqueda, Usted recibir\u00e1 una notificaci\u00f3n por correo electr\u00f3nico cada vez que alguien publica una nueva propiedad que coincida con su b\u00fasqueda guardada criterios.\t\t\t\t<\/div>\n\t\t\t\t<form id=\"ere_save_search_form\" method=\"post\">\n\t\t\t\t\t<div class=\"form-group\">\n\t\t\t\t\t\t<label for=\"ere_title\">T\u00edtulo<\/label>\n\t\t\t\t\t\t<input type=\"text\" name=\"ere_title\" id=\"ere_title\"\n\t\t\t\t\t\t       placeholder=\"De entrada el t\u00edtulo\"\n\t\t\t\t\t\t       class=\"form-control\"\n\t\t\t\t\t\t       value=\"\" aria-describedby=\"parameters\">\n\t\t\t\t\t\t<input type=\"hidden\" name=\"ere_params\"\n\t\t\t\t\t\t       value=\"U3RhdHVzOiA8c3Ryb25nPnBhcmEtYXJyZW5kYXI8L3N0cm9uZz4=\">\n\t\t\t\t\t\t<input type=\"hidden\" name=\"ere_query\"\n\t\t\t\t\t\t       value=\"YTo4OntzOjk6InBvc3RfdHlwZSI7czo4OiJwcm9wZXJ0eSI7czoxNDoicG9zdHNfcGVyX3BhZ2UiO3M6MjoiMTIiO3M6NToicGFnZWQiO2k6MTtzOjExOiJwb3N0X3N0YXR1cyI7czo3OiJwdWJsaXNoIjtzOjc6Im9yZGVyYnkiO2E6Mjp7czoxMDoibWVudV9vcmRlciI7czozOiJBU0MiO3M6NDoiZGF0ZSI7czo0OiJERVNDIjt9czoyMDoiZXJlX29yZGVyYnlfZmVhdHVyZWQiO2I6MTtzOjEwOiJtZXRhX3F1ZXJ5IjthOjE6e3M6ODoicmVsYXRpb24iO3M6MzoiQU5EIjt9czo5OiJ0YXhfcXVlcnkiO2E6Mjp7czo4OiJyZWxhdGlvbiI7czozOiJBTkQiO2k6MDthOjE6e2k6MDthOjM6e3M6ODoidGF4b25vbXkiO3M6MTU6InByb3BlcnR5LXN0YXR1cyI7czo1OiJmaWVsZCI7czo0OiJzbHVnIjtzOjU6InRlcm1zIjtzOjEzOiJwYXJhLWFycmVuZGFyIjt9fX19\">\n\t\t\t\t\t\t<input type=\"hidden\" name=\"ere_url\" value=\"\/index.php\/wp-json\/wp\/v2\/pages\/4896\">\n\t\t\t\t\t\t<input type=\"hidden\" name=\"action\" value='ere_save_search_ajax'>\n\t\t\t\t\t\t<input type=\"hidden\" name=\"ere_save_search_ajax\"\n\t\t\t\t\t\t       value=\"867e3be81a\">\n\t\t\t\t\t\t<small id=\"parameters\" class=\"form-text text-muted\">\n                            Par\u00e1metros: Status: <strong>para-arrendar<\/strong>                        <\/small>\n\t\t\t\t\t<\/div>\n\t\t\t\t<\/form>\n\t\t\t<\/div>\n\t\t\t<div class=\"modal-footer\">\n\t\t\t\t<button type=\"button\" class=\"btn btn-dark btn-default\"\n\t\t\t\t        data-dismiss=\"modal\">Cerca de<\/button>\n\t\t\t\t<button data-ajax-url=\"\/wp-admin\/admin-ajax.php\" id=\"ere_save_search\"\n\t\t\t\t        class=\"btn btn-primary\"\n\t\t\t\t        type=\"button\">Guardar<\/button>\n\t\t\t<\/div>\n\t\t<\/div>\n\t<\/div>\n<\/div>    <\/div>\r\n    <div class=\"ere-archive-property\">\n        <div class=\"above-archive-property\">\n            <div class=\"ere-heading\">\r\n\t\t\t<h2>Properties\t\t\t<sub>(0)<\/sub><\/h2>\r\n\t<\/div><div class=\"archive-property-action ere__archive-actions ere__archive-property-actions\">\r\n    <div class=\"ere__apa-item ere__apa-orderby dropdown\">\r\n    <a href=\"#\" class=\"dropdown-toggle\" data-toggle=\"dropdown\">\r\n        Ordenar Por    <\/a>\r\n    <div class=\"dropdown-menu\">\r\n                    <a data-sortby=\"\" title=\"Orden Predeterminado\" class=\"dropdown-item\" href=\"\/index.php\/wp-json\/wp\/v2\/pages\/4896?sortby=default\">Orden Predeterminado<\/a>\r\n                    <a data-sortby=\"\" title=\"Destacados\" class=\"dropdown-item\" href=\"\/index.php\/wp-json\/wp\/v2\/pages\/4896?sortby=featured\">Destacados<\/a>\r\n                    <a data-sortby=\"\" title=\"M\u00e1s Vistos\" class=\"dropdown-item\" href=\"\/index.php\/wp-json\/wp\/v2\/pages\/4896?sortby=most_viewed\">M\u00e1s Vistos<\/a>\r\n                    <a data-sortby=\"\" title=\"Precio (Bajo a Alto)\" class=\"dropdown-item\" href=\"\/index.php\/wp-json\/wp\/v2\/pages\/4896?sortby=a_price\">Precio (Bajo a Alto)<\/a>\r\n                    <a data-sortby=\"\" title=\"Precio (Alto a Bajo)\" class=\"dropdown-item\" href=\"\/index.php\/wp-json\/wp\/v2\/pages\/4896?sortby=d_price\">Precio (Alto a Bajo)<\/a>\r\n                    <a data-sortby=\"\" title=\"Fecha (lo Viejo a lo Nuevo)\" class=\"dropdown-item\" href=\"\/index.php\/wp-json\/wp\/v2\/pages\/4896?sortby=a_date\">Fecha (lo Viejo a lo Nuevo)<\/a>\r\n                    <a data-sortby=\"\" title=\"Fecha (Antigua a la Nueva)\" class=\"dropdown-item\" href=\"\/index.php\/wp-json\/wp\/v2\/pages\/4896?sortby=d_date\">Fecha (Antigua a la Nueva)<\/a>\r\n            <\/div>\r\n<\/div>\r\n<div class=\"ere__apa-item ere__apa-switch-layout\">\r\n    <div class=\"view-as\" data-admin-url=\"\/wp-admin\/admin-ajax.php\">\r\n                    <span data-view-as=\"property-list\" class=\"view-as-list\" title=\"Ver como Lista\">\r\n                        <i class=\"fa fa-list-ul\"><\/i>\r\n                    <\/span>\r\n        <span data-view-as=\"property-grid\" class=\"view-as-grid\" title=\"Vista de Cuadr\u00edcula\">\r\n                        <i class=\"fa fa-th-large\"><\/i>\r\n                    <\/span>\r\n    <\/div>\r\n<\/div>\r\n<\/div>\r\n        <\/div>\n        <div class=\"ere-property clearfix property-grid col-gap-0 columns-3 columns-md-3 columns-sm-2 columns-xs-1 columns-mb-1\">\n                            <div class=\"item-not-found\">Ning\u00fan elemento que se encuentra<\/div>\r\n                    <\/div>\n            <\/div>\n    <\/div><\/div>\n\t\t\t\t\t\t<\/div>\n\t\t\t\t<\/div>\n\t\t\t\t\t<\/div>\n\t\t<\/div>\n\t\t\t\t\t<\/div>\n\t\t<\/section>\n\t\t\t\t<\/div>\n\t\t","protected":false},"excerpt":{"rendered":"<p>advanced-search Home | Buscador<\/p>\n","protected":false},"author":1,"featured_media":0,"parent":0,"menu_order":0,"comment_status":"closed","ping_status":"closed","template":"elementor_header_footer","meta":{"_acf_changed":false,"om_disable_all_campaigns":false,"_monsterinsights_skip_tracking":false,"_monsterinsights_sitenote_active":false,"_monsterinsights_sitenote_note":"","_monsterinsights_sitenote_category":0,"footnotes":""},"class_list":["post-4896","page","type-page","status-publish","hentry"],"acf":[],"_links":{"self":[{"href":"https:\/\/inmobiliariainhousem2.com\/index.php\/wp-json\/wp\/v2\/pages\/4896","targetHints":{"allow":["GET"]}}],"collection":[{"href":"https:\/\/inmobiliariainhousem2.com\/index.php\/wp-json\/wp\/v2\/pages"}],"about":[{"href":"https:\/\/inmobiliariainhousem2.com\/index.php\/wp-json\/wp\/v2\/types\/page"}],"author":[{"embeddable":true,"href":"https:\/\/inmobiliariainhousem2.com\/index.php\/wp-json\/wp\/v2\/users\/1"}],"replies":[{"embeddable":true,"href":"https:\/\/inmobiliariainhousem2.com\/index.php\/wp-json\/wp\/v2\/comments?post=4896"}],"version-history":[{"count":6,"href":"https:\/\/inmobiliariainhousem2.com\/index.php\/wp-json\/wp\/v2\/pages\/4896\/revisions"}],"predecessor-version":[{"id":7034,"href":"https:\/\/inmobiliariainhousem2.com\/index.php\/wp-json\/wp\/v2\/pages\/4896\/revisions\/7034"}],"wp:attachment":[{"href":"https:\/\/inmobiliariainhousem2.com\/index.php\/wp-json\/wp\/v2\/media?parent=4896"}],"curies":[{"name":"wp","href":"https:\/\/api.w.org\/{rel}","templated":true}]}}